{"id":6294,"date":"2025-01-15T21:42:13","date_gmt":"2025-01-15T20:42:13","guid":{"rendered":"https:\/\/lavalleelocation.com\/?page_id=6294"},"modified":"2025-01-16T00:37:38","modified_gmt":"2025-01-15T23:37:38","slug":"mentions-legales","status":"publish","type":"page","link":"https:\/\/lavalleelocation.com\/en\/mentions-legales\/","title":{"rendered":"Mentions L\u00e9gales"},"content":{"rendered":"<div data-elementor-type=\"wp-page\" data-elementor-id=\"6294\" class=\"elementor elementor-6294\" data-elementor-post-type=\"page\">\n\t\t\t\t<div class=\"elementor-element elementor-element-916a0f7 e-grid e-con-boxed e-con e-parent\" data-id=\"916a0f7\" data-element_type=\"container\" data-e-type=\"container\" data-settings=\"{&quot;background_background&quot;:&quot;classic&quot;}\">\n\t\t\t\t\t<div class=\"e-con-inner\">\n\t\t\t\t<div class=\"elementor-element elementor-element-81028ee elementor-widget elementor-widget-heading\" data-id=\"81028ee\" data-element_type=\"widget\" data-e-type=\"widget\" data-widget_type=\"heading.default\">\n\t\t\t\t<div class=\"elementor-widget-container\">\n\t\t\t\t\t<h2 class=\"elementor-heading-title elementor-size-default\">Mentions L\u00e9gales<\/h2>\t\t\t\t<\/div>\n\t\t\t\t<\/div>\n\t\t\t\t<div class=\"elementor-element elementor-element-1a2a7bb elementor-widget elementor-widget-text-editor\" data-id=\"1a2a7bb\" data-element_type=\"widget\" data-e-type=\"widget\" data-widget_type=\"text-editor.default\">\n\t\t\t\t<div class=\"elementor-widget-container\">\n\t\t\t\t\t\t\t\t\t<h2><span id=\"lwptoc20\" style=\"color: #ffffff;\">1 &#8211; \u00c9dition du site<\/span><\/h2><p>En vertu de\u00a0<span style=\"color: #3366ff;\"><a style=\"color: #3366ff;\" href=\"https:\/\/www.legifrance.gouv.fr\/affichTexte.do?cidTexte=JORFTEXT000000801164#LEGIARTI000042038977\" target=\"_blank\" rel=\"noreferrer noopener\">l&rsquo;article 6 de la loi n\u00b0 2004-575 du 21 juin 2004<\/a><\/span>\u00a0pour la confiance dans l&rsquo;\u00e9conomie num\u00e9rique, il est pr\u00e9cis\u00e9 aux utilisateurs du site internet\u00a0<span style=\"color: #3366ff;\"><a style=\"color: #3366ff;\" href=\"https:\/\/lavalleelocation.com\/en\/\"><strong><span class=\"ff_dynamic_value\" data-ref=\"url\" data-fallback=\"\">https:\/\/lavalleelocation.com\/<\/span><\/strong><\/a><\/span>\u00a0l&rsquo;identit\u00e9 des diff\u00e9rents intervenants dans le cadre de sa r\u00e9alisation et de son suivi:<\/p><p><strong>Propri\u00e9taire du site :\u00a0<\/strong><span class=\"ff_dynamic_value\" data-ref=\"nom_proprietaire\" data-fallback=\"\">I SUREDDI<\/span>\u00a0&#8211; Contact :\u00a0<span class=\"ff_dynamic_value\" data-ref=\"e_mail_contact\" data-fallback=\"\">lavallee.location@gmail.com<\/span>\u00a0<span class=\"ff_dynamic_value\" data-ref=\"telephone\" data-fallback=\"\">04 95 74 21 20<\/span>\u00a0&#8211; Adresse :\u00a0<span class=\"ff_dynamic_value\" data-ref=\"adresse_postale\" data-fallback=\"\">20110 BELVEDERE CAMPOMORO VALLE 20110 BELVEDERE CAMPOMORO<\/span>.<\/p><p><strong>Identification de l&rsquo;entreprise :<\/strong>\u00a0<span class=\"ff_dynamic_value\" data-ref=\"forme_juridique\" data-fallback=\"\">SAS<\/span>\u00a0<span class=\"ff_dynamic_value\" data-ref=\"nom_proprietaire\" data-fallback=\"\">I SUREDDI<\/span>\u00a0au capital social de\u00a0<span class=\"ff_dynamic_value\" data-ref=\"capital_social\" data-fallback=\"\">1000<\/span>\u20ac &#8211; SIREN :\u00a0<span class=\"ff_dynamic_value\" data-ref=\"siren\" data-fallback=\"\">950830257<\/span>\u00a0&#8211; RCS ou RM :\u00a0<span class=\"ff_dynamic_value\" data-ref=\"rcs\" data-fallback=\"\">950 830 257 R.C.S. Ajaccio<\/span>\u00a0&#8211; Adresse postale :\u00a0<span class=\"ff_dynamic_value\" data-ref=\"adresse_postale\" data-fallback=\"\">20110 BELVEDERE CAMPOMORO VALLE 20110 BELVEDERE CAMPOMORO.<\/span><\/p><p><strong>Directeur de la publication :\u00a0<\/strong><span class=\"ff_dynamic_value\" data-ref=\"directeur_publication\" data-fallback=\"\">Nicolas Juillet<\/span>\u00a0&#8211; Contact :\u00a0<span class=\"ff_dynamic_value\" data-ref=\"contact_directeur\" data-fallback=\"\">nicolas@deepdive.sarl<\/span>.<\/p><p><strong>H\u00e9bergeur :<\/strong>\u00a0<span class=\"ff_dynamic_value\" data-ref=\"hebergeur\" data-fallback=\"\">1&amp;1 \/ IONOS &#8211; 7 Place de la Gare &#8211; 57200 Sarreguemines &#8211; T\u00e9l\u00e9phone : 09.70.80.89.11<\/span><\/p><p><strong>D\u00e9l\u00e9gu\u00e9 \u00e0 la protection des donn\u00e9es :\u00a0<\/strong><span class=\"ff_dynamic_value\" data-ref=\"dpo\" data-fallback=\"\">Nicolas Juillet<\/span>\u00a0&#8211;\u00a0<span class=\"ff_dynamic_value\" data-ref=\"contact_dpo\" data-fallback=\"\">nicolas@deepdive.sarl<\/span><\/p><p><strong>Autres contributeurs :<\/strong>\u00a0<span class=\"ff_dynamic_value\" data-ref=\"autres_contributeurs\" data-fallback=\"\">Andr\u00e9 Gentit (DeepDive)<\/span><\/p><hr class=\"wp-block-separator\" \/><h2><span id=\"lwptoc21\" style=\"color: #ffffff;\">2 &#8211; Propri\u00e9t\u00e9 intellectuelle et contrefa\u00e7ons.<\/span><\/h2><p><strong><span class=\"ff_dynamic_value\" data-ref=\"nom_proprietaire\" data-fallback=\"\">I SUREDDI<\/span><\/strong>\u00a0est propri\u00e9taire des droits de propri\u00e9t\u00e9 intellectuelle et d\u00e9tient les droits d\u2019usage sur tous les \u00e9l\u00e9ments accessibles sur le site internet, notamment les textes, images, graphismes, logos, vid\u00e9os, architecture, ic\u00f4nes et sons.<\/p><p>Toute reproduction, repr\u00e9sentation, modification, publication, adaptation de tout ou partie des \u00e9l\u00e9ments du site, quel que soit le moyen ou le proc\u00e9d\u00e9 utilis\u00e9, est interdite, sauf autorisation \u00e9crite pr\u00e9alable de\u00a0<strong><span class=\"ff_dynamic_value\" data-ref=\"nom_proprietaire\" data-fallback=\"\">I SUREDDI<\/span><\/strong>.<\/p><p>Toute exploitation non autoris\u00e9e du site ou de l\u2019un quelconque des \u00e9l\u00e9ments qu\u2019il contient sera consid\u00e9r\u00e9e comme constitutive d\u2019une contrefa\u00e7on et poursuivie conform\u00e9ment aux dispositions des articles\u00a0<span style=\"color: #3366ff;\"><a style=\"color: #3366ff;\" href=\"https:\/\/www.legifrance.gouv.fr\/affichCodeArticle.do?idArticle=LEGIARTI000032655082&amp;cidTexte=LEGITEXT000006069414&amp;dateTexte=20160605\" target=\"_blank\" rel=\"noreferrer nofollow noopener\">L.335-2 et suivants du Code de Propri\u00e9t\u00e9 Intellectuelle<\/a>.<\/span><\/p><hr class=\"wp-block-separator\" \/><h2><span id=\"lwptoc22\" style=\"color: #ffffff;\">3 &#8211; Limitations de responsabilit\u00e9.<\/span><\/h2><p><strong><span class=\"ff_dynamic_value\" data-ref=\"nom_proprietaire\" data-fallback=\"\">I SUREDDI<\/span><\/strong>\u00a0ne pourra \u00eatre tenu pour responsable des dommages directs et indirects caus\u00e9s au mat\u00e9riel de l\u2019utilisateur, lors de l\u2019acc\u00e8s au site\u00a0<a href=\"https:\/\/lavalleelocation.com\/en\/\"><span style=\"color: #3366ff;\"><strong><span class=\"ff_dynamic_value\" data-ref=\"url\" data-fallback=\"\">https:\/\/lavalleelocation.com\/<\/span><\/strong><\/span><\/a>.<\/p><p><strong><span class=\"ff_dynamic_value\" data-ref=\"nom_proprietaire\" data-fallback=\"\">I SUREDDI<\/span><\/strong>\u00a0d\u00e9cline toute responsabilit\u00e9 quant \u00e0 l\u2019utilisation qui pourrait \u00eatre faite des informations et contenus pr\u00e9sents sur\u00a0<a href=\"https:\/\/lavalleelocation.com\/en\/\"><span style=\"color: #3366ff;\"><strong><span class=\"ff_dynamic_value\" data-ref=\"url\" data-fallback=\"\">https:\/\/lavalleelocation.com\/<\/span><\/strong><\/span><\/a>.<\/p><p><strong><span class=\"ff_dynamic_value\" data-ref=\"nom_proprietaire\" data-fallback=\"\">I SUREDDI<\/span><\/strong>\u00a0s\u2019engage \u00e0 s\u00e9curiser au mieux le site\u00a0<a href=\"https:\/\/lavalleelocation.com\/en\/\"><span style=\"color: #3366ff;\"><strong><span class=\"ff_dynamic_value\" data-ref=\"url\" data-fallback=\"\">https:\/\/lavalleelocation.com\/<\/span><\/strong><\/span><\/a>, cependant sa responsabilit\u00e9 ne pourra \u00eatre mise en cause si des donn\u00e9es ind\u00e9sirables sont import\u00e9es et install\u00e9es sur son site \u00e0 son insu.<\/p><p>Des espaces interactifs (espace contact ou commentaires) sont \u00e0 la disposition des utilisateurs.\u00a0<strong><span class=\"ff_dynamic_value\" data-ref=\"nom_proprietaire\" data-fallback=\"\">I SUREDDI<\/span><\/strong>\u00a0se r\u00e9serve le droit de supprimer, sans mise en demeure pr\u00e9alable, tout contenu d\u00e9pos\u00e9 dans cet espace qui contreviendrait \u00e0 la l\u00e9gislation applicable en France, en particulier aux dispositions relatives \u00e0 la protection des donn\u00e9es.<\/p><p>Le cas \u00e9ch\u00e9ant,\u00a0<strong><span class=\"ff_dynamic_value\" data-ref=\"nom_proprietaire\" data-fallback=\"\">I SUREDDI<\/span><\/strong>\u00a0se r\u00e9serve \u00e9galement la possibilit\u00e9 de mettre en cause la responsabilit\u00e9 civile et\/ou p\u00e9nale de l\u2019utilisateur, notamment en cas de message \u00e0 caract\u00e8re raciste, injurieux, diffamant, ou pornographique, quel que soit le support utilis\u00e9 (texte, photographie \u2026).<\/p><hr class=\"wp-block-separator\" \/><h2><span id=\"lwptoc23\" style=\"color: #ffffff;\">4 &#8211; CNIL et gestion des donn\u00e9es personnelles.<\/span><\/h2><p>Conform\u00e9ment aux dispositions de\u00a0<span style=\"color: #3366ff;\"><a style=\"color: #3366ff;\" href=\"https:\/\/www.legifrance.gouv.fr\/affichTexte.do?cidTexte=JORFTEXT000000886460\" target=\"_blank\" rel=\"noreferrer nofollow noopener\">la loi 78-17 du 6 janvier 1978 modifi\u00e9e<\/a><\/span>, l\u2019utilisateur du site\u00a0<a href=\"https:\/\/lavalleelocation.com\/en\/\"><span style=\"color: #3366ff;\"><strong><span class=\"ff_dynamic_value\" data-ref=\"url\" data-fallback=\"\">https:\/\/lavalleelocation.com\/<\/span><\/strong><\/span><\/a>\u00a0dispose d\u2019un droit d\u2019acc\u00e8s, de modification et de suppression des informations collect\u00e9es. Pour exercer ce droit, envoyez un message \u00e0 notre D\u00e9l\u00e9gu\u00e9 \u00e0 la Protection des Donn\u00e9es :\u00a0<strong><span class=\"ff_dynamic_value\" data-ref=\"dpo\" data-fallback=\"\">Nicolas Juillet<\/span><\/strong>\u00a0&#8211;\u00a0<strong><span class=\"ff_dynamic_value\" data-ref=\"contact_dpo\" data-fallback=\"\">nicolas@deepdive.sarl<\/span><\/strong>.<\/p><p>Pour plus d&rsquo;informations sur la fa\u00e7on dont nous traitons vos donn\u00e9es (type de donn\u00e9es, finalit\u00e9, destinataire&#8230;), lisez notre\u00a0<a href=\"https:\/\/lavalleelocation.com\/en\/politique-de-confidentialite\/\"><span style=\"color: #3366ff;\"><strong><span class=\"ff_dynamic_value\" data-ref=\"politique_confidentialite\" data-fallback=\"\">https:\/\/lavalleelocation.com\/politique-de-confidentialite\/<\/span><\/strong><\/span><\/a>.<\/p><hr class=\"wp-block-separator\" \/><h2><span id=\"lwptoc24\" style=\"color: #ffffff;\">5 &#8211; Liens hypertextes et cookies<\/span><\/h2><p>Le site <a href=\"https:\/\/lavalleelocation.com\/en\/\"><span style=\"color: #3366ff;\"><strong><span class=\"ff_dynamic_value\" data-ref=\"url\" data-fallback=\"\">https:\/\/lavalleelocation.com\/<\/span><\/strong><\/span><\/a>\u00a0contient des liens hypertextes vers d\u2019autres sites et d\u00e9gage toute responsabilit\u00e9 \u00e0 propos de ces liens externes ou des liens cr\u00e9\u00e9s par d\u2019autres sites vers\u00a0<a href=\"https:\/\/lavalleelocation.com\/en\/\"><span style=\"color: #3366ff;\"><strong><span class=\"ff_dynamic_value\" data-ref=\"url\" data-fallback=\"\">https:\/\/lavalleelocation.com\/<\/span><\/strong><\/span><\/a>.<\/p><p>La navigation sur le site\u00a0<a href=\"https:\/\/lavalleelocation.com\/en\/\"><span style=\"color: #3366ff;\"><strong><span class=\"ff_dynamic_value\" data-ref=\"url\" data-fallback=\"\">https:\/\/lavalleelocation.com\/<\/span><\/strong><\/span><\/a>\u00a0est susceptible de provoquer l\u2019installation de cookie(s) sur l\u2019ordinateur de l\u2019utilisateur.<\/p><p>Un \u00ab\u00a0cookie\u00a0\u00bb est un fichier de petite taille qui enregistre des informations relatives \u00e0 la navigation d\u2019un utilisateur sur un site. Les donn\u00e9es ainsi obtenues permettent d&rsquo;obtenir des mesures de fr\u00e9quentation, par exemple.<\/p><p>Vous avez la possibilit\u00e9\u00a0<strong>d\u2019accepter ou de refuser les cookies<\/strong>\u00a0en modifiant les param\u00e8tres de votre navigateur. Aucun cookie ne sera d\u00e9pos\u00e9 sans votre consentement.<\/p><p>Les cookies sont enregistr\u00e9s pour une dur\u00e9e maximale de\u00a0<span class=\"ff_dynamic_value\" data-ref=\"cookies\" data-fallback=\"\">6<\/span>\u00a0mois.<\/p><p>Pour plus d&rsquo;informations sur la fa\u00e7on dont nous faisons usage des cookies, lisez notre <a href=\"https:\/\/lavalleelocation.com\/en\/politique-de-cookies-ue\/\"><span style=\"color: #3366ff;\">https:\/\/lavalleelocation.com\/politique-de-cookies-ue\/<\/span><\/a>.<\/p><hr class=\"wp-block-separator\" \/><h2><span id=\"lwptoc25\" style=\"color: #ffffff;\">6 &#8211; Droit applicable et attribution de juridiction.<\/span><\/h2><p>Tout litige en relation avec l\u2019utilisation du site\u00a0<a href=\"https:\/\/lavalleelocation.com\/en\/\"><span style=\"color: #3366ff;\"><strong><span class=\"ff_dynamic_value\" data-ref=\"url\" data-fallback=\"\">https:\/\/lavalleelocation.com\/<\/span><\/strong><\/span><\/a>\u00a0est soumis au droit fran\u00e7ais. En dehors des cas o\u00f9 la loi ne le permet pas, il est fait attribution exclusive de juridiction aux tribunaux comp\u00e9tents de\u00a0<strong><span class=\"ff_dynamic_value\" data-ref=\"ville_du_tribunal\" data-fallback=\"\">Ajaccio<\/span><\/strong>.<\/p>\t\t\t\t\t\t\t\t<\/div>\n\t\t\t\t<\/div>\n\t\t\t\t\t<\/div>\n\t\t\t\t<\/div>\n\t\t\t\t<\/div>","protected":false},"excerpt":{"rendered":"<p>Mentions L\u00e9gales 1 &#8211; \u00c9dition du site En vertu de\u00a0l&rsquo;article 6 de la loi n\u00b0 2004-575 du 21 juin 2004\u00a0pour la confiance dans l&rsquo;\u00e9conomie num\u00e9rique, il est pr\u00e9cis\u00e9 aux utilisateurs du site internet\u00a0https:\/\/lavalleelocation.com\/\u00a0l&rsquo;identit\u00e9 des diff\u00e9rents intervenants dans le cadre de sa r\u00e9alisation et de son suivi: Propri\u00e9taire du site :\u00a0I SUREDDI\u00a0&#8211; Contact :\u00a0lavallee.location@gmail.com\u00a004 95 74 [&hellip;]<\/p>\n","protected":false},"author":3,"featured_media":0,"parent":0,"menu_order":0,"comment_status":"closed","ping_status":"open","template":"elementor_header_footer","meta":{"_eb_attr":"","footnotes":""},"class_list":["post-6294","page","type-page","status-publish","hentry"],"yoast_head":"<!-- This site is optimized with the Yoast SEO plugin v27.4 - https:\/\/yoast.com\/product\/yoast-seo-wordpress\/ -->\n<title>Mentions L\u00e9gales - La Vall\u00e9e<\/title>\n<meta name=\"robots\" content=\"index, follow, max-snippet:-1, max-image-preview:large, max-video-preview:-1\" \/>\n<link rel=\"canonical\" href=\"https:\/\/lavalleelocation.com\/en\/mentions-legales\/\" \/>\n<meta property=\"og:locale\" content=\"en_GB\" \/>\n<meta property=\"og:type\" content=\"article\" \/>\n<meta property=\"og:title\" content=\"Mentions L\u00e9gales - La Vall\u00e9e\" \/>\n<meta property=\"og:description\" content=\"Mentions L\u00e9gales 1 &#8211; \u00c9dition du site En vertu de\u00a0l&rsquo;article 6 de la loi n\u00b0 2004-575 du 21 juin 2004\u00a0pour la confiance dans l&rsquo;\u00e9conomie num\u00e9rique, il est pr\u00e9cis\u00e9 aux utilisateurs du site internet\u00a0https:\/\/lavalleelocation.com\/\u00a0l&rsquo;identit\u00e9 des diff\u00e9rents intervenants dans le cadre de sa r\u00e9alisation et de son suivi: Propri\u00e9taire du site :\u00a0I SUREDDI\u00a0&#8211; Contact :\u00a0lavallee.location@gmail.com\u00a004 95 74 [&hellip;]\" \/>\n<meta property=\"og:url\" content=\"https:\/\/lavalleelocation.com\/en\/mentions-legales\/\" \/>\n<meta property=\"og:site_name\" content=\"La Vall\u00e9e\" \/>\n<meta property=\"article:modified_time\" content=\"2025-01-15T23:37:38+00:00\" \/>\n<meta property=\"og:image\" content=\"https:\/\/lavalleelocation.com\/wp-content\/uploads\/2024\/02\/location-bungalows-lodges-la-vallee-campomoro-propriano-corse-plage-mer-montagne-ete-nature-1.jpg\" \/>\n\t<meta property=\"og:image:width\" content=\"1024\" \/>\n\t<meta property=\"og:image:height\" content=\"683\" \/>\n\t<meta property=\"og:image:type\" content=\"image\/jpeg\" \/>\n<meta name=\"twitter:card\" content=\"summary_large_image\" \/>\n<meta name=\"twitter:label1\" content=\"Estimated reading time\" \/>\n\t<meta name=\"twitter:data1\" content=\"4 minutes\" \/>\n<script type=\"application\/ld+json\" class=\"yoast-schema-graph\">{\"@context\":\"https:\\\/\\\/schema.org\",\"@graph\":[{\"@type\":\"WebPage\",\"@id\":\"https:\\\/\\\/lavalleelocation.com\\\/mentions-legales\\\/\",\"url\":\"https:\\\/\\\/lavalleelocation.com\\\/mentions-legales\\\/\",\"name\":\"Mentions L\u00e9gales - La Vall\u00e9e\",\"isPartOf\":{\"@id\":\"https:\\\/\\\/lavalleelocation.com\\\/#website\"},\"datePublished\":\"2025-01-15T20:42:13+00:00\",\"dateModified\":\"2025-01-15T23:37:38+00:00\",\"breadcrumb\":{\"@id\":\"https:\\\/\\\/lavalleelocation.com\\\/mentions-legales\\\/#breadcrumb\"},\"inLanguage\":\"en-GB\",\"potentialAction\":[{\"@type\":\"ReadAction\",\"target\":[\"https:\\\/\\\/lavalleelocation.com\\\/mentions-legales\\\/\"]}]},{\"@type\":\"BreadcrumbList\",\"@id\":\"https:\\\/\\\/lavalleelocation.com\\\/mentions-legales\\\/#breadcrumb\",\"itemListElement\":[{\"@type\":\"ListItem\",\"position\":1,\"name\":\"Accueil\",\"item\":\"https:\\\/\\\/lavalleelocation.com\\\/\"},{\"@type\":\"ListItem\",\"position\":2,\"name\":\"Mentions L\u00e9gales\"}]},{\"@type\":\"WebSite\",\"@id\":\"https:\\\/\\\/lavalleelocation.com\\\/#website\",\"url\":\"https:\\\/\\\/lavalleelocation.com\\\/\",\"name\":\"La Vall\u00e9e\",\"description\":\"Bungalows et Lodges en location \u00e0 Campomoro en Corse\",\"publisher\":{\"@id\":\"https:\\\/\\\/lavalleelocation.com\\\/#organization\"},\"alternateName\":\"La Vall\u00e9e\",\"potentialAction\":[{\"@type\":\"SearchAction\",\"target\":{\"@type\":\"EntryPoint\",\"urlTemplate\":\"https:\\\/\\\/lavalleelocation.com\\\/?s={search_term_string}\"},\"query-input\":{\"@type\":\"PropertyValueSpecification\",\"valueRequired\":true,\"valueName\":\"search_term_string\"}}],\"inLanguage\":\"en-GB\"},{\"@type\":\"Organization\",\"@id\":\"https:\\\/\\\/lavalleelocation.com\\\/#organization\",\"name\":\"La Vall\u00e9e Location\",\"alternateName\":\"La Vall\u00e9e\",\"url\":\"https:\\\/\\\/lavalleelocation.com\\\/\",\"logo\":{\"@type\":\"ImageObject\",\"inLanguage\":\"en-GB\",\"@id\":\"https:\\\/\\\/lavalleelocation.com\\\/#\\\/schema\\\/logo\\\/image\\\/\",\"url\":\"https:\\\/\\\/lavalleelocation.com\\\/wp-content\\\/uploads\\\/2024\\\/01\\\/camping-la-vallee-campomoro-propriano-corse-plage-mer-montagne-ete-nature-logo-detoure-2.png\",\"contentUrl\":\"https:\\\/\\\/lavalleelocation.com\\\/wp-content\\\/uploads\\\/2024\\\/01\\\/camping-la-vallee-campomoro-propriano-corse-plage-mer-montagne-ete-nature-logo-detoure-2.png\",\"width\":239,\"height\":231,\"caption\":\"La Vall\u00e9e Location\"},\"image\":{\"@id\":\"https:\\\/\\\/lavalleelocation.com\\\/#\\\/schema\\\/logo\\\/image\\\/\"}}]}<\/script>\n<!-- \/ Yoast SEO plugin. -->","yoast_head_json":{"title":"Mentions L\u00e9gales - La Vall\u00e9e","robots":{"index":"index","follow":"follow","max-snippet":"max-snippet:-1","max-image-preview":"max-image-preview:large","max-video-preview":"max-video-preview:-1"},"canonical":"https:\/\/lavalleelocation.com\/en\/mentions-legales\/","og_locale":"en_GB","og_type":"article","og_title":"Mentions L\u00e9gales - La Vall\u00e9e","og_description":"Mentions L\u00e9gales 1 &#8211; \u00c9dition du site En vertu de\u00a0l&rsquo;article 6 de la loi n\u00b0 2004-575 du 21 juin 2004\u00a0pour la confiance dans l&rsquo;\u00e9conomie num\u00e9rique, il est pr\u00e9cis\u00e9 aux utilisateurs du site internet\u00a0https:\/\/lavalleelocation.com\/\u00a0l&rsquo;identit\u00e9 des diff\u00e9rents intervenants dans le cadre de sa r\u00e9alisation et de son suivi: Propri\u00e9taire du site :\u00a0I SUREDDI\u00a0&#8211; Contact :\u00a0lavallee.location@gmail.com\u00a004 95 74 [&hellip;]","og_url":"https:\/\/lavalleelocation.com\/en\/mentions-legales\/","og_site_name":"La Vall\u00e9e","article_modified_time":"2025-01-15T23:37:38+00:00","og_image":[{"width":1024,"height":683,"url":"https:\/\/lavalleelocation.com\/wp-content\/uploads\/2024\/02\/location-bungalows-lodges-la-vallee-campomoro-propriano-corse-plage-mer-montagne-ete-nature-1.jpg","type":"image\/jpeg"}],"twitter_card":"summary_large_image","twitter_misc":{"Estimated reading time":"4 minutes"},"schema":{"@context":"https:\/\/schema.org","@graph":[{"@type":"WebPage","@id":"https:\/\/lavalleelocation.com\/mentions-legales\/","url":"https:\/\/lavalleelocation.com\/mentions-legales\/","name":"Mentions L\u00e9gales - La Vall\u00e9e","isPartOf":{"@id":"https:\/\/lavalleelocation.com\/#website"},"datePublished":"2025-01-15T20:42:13+00:00","dateModified":"2025-01-15T23:37:38+00:00","breadcrumb":{"@id":"https:\/\/lavalleelocation.com\/mentions-legales\/#breadcrumb"},"inLanguage":"en-GB","potentialAction":[{"@type":"ReadAction","target":["https:\/\/lavalleelocation.com\/mentions-legales\/"]}]},{"@type":"BreadcrumbList","@id":"https:\/\/lavalleelocation.com\/mentions-legales\/#breadcrumb","itemListElement":[{"@type":"ListItem","position":1,"name":"Accueil","item":"https:\/\/lavalleelocation.com\/"},{"@type":"ListItem","position":2,"name":"Mentions L\u00e9gales"}]},{"@type":"WebSite","@id":"https:\/\/lavalleelocation.com\/#website","url":"https:\/\/lavalleelocation.com\/","name":"La Vall\u00e9e","description":"Bungalows et Lodges en location \u00e0 Campomoro en Corse","publisher":{"@id":"https:\/\/lavalleelocation.com\/#organization"},"alternateName":"La Vall\u00e9e","potentialAction":[{"@type":"SearchAction","target":{"@type":"EntryPoint","urlTemplate":"https:\/\/lavalleelocation.com\/?s={search_term_string}"},"query-input":{"@type":"PropertyValueSpecification","valueRequired":true,"valueName":"search_term_string"}}],"inLanguage":"en-GB"},{"@type":"Organization","@id":"https:\/\/lavalleelocation.com\/#organization","name":"La Vall\u00e9e Location","alternateName":"La Vall\u00e9e","url":"https:\/\/lavalleelocation.com\/","logo":{"@type":"ImageObject","inLanguage":"en-GB","@id":"https:\/\/lavalleelocation.com\/#\/schema\/logo\/image\/","url":"https:\/\/lavalleelocation.com\/wp-content\/uploads\/2024\/01\/camping-la-vallee-campomoro-propriano-corse-plage-mer-montagne-ete-nature-logo-detoure-2.png","contentUrl":"https:\/\/lavalleelocation.com\/wp-content\/uploads\/2024\/01\/camping-la-vallee-campomoro-propriano-corse-plage-mer-montagne-ete-nature-logo-detoure-2.png","width":239,"height":231,"caption":"La Vall\u00e9e Location"},"image":{"@id":"https:\/\/lavalleelocation.com\/#\/schema\/logo\/image\/"}}]}},"_links":{"self":[{"href":"https:\/\/lavalleelocation.com\/en\/wp-json\/wp\/v2\/pages\/6294","targetHints":{"allow":["GET"]}}],"collection":[{"href":"https:\/\/lavalleelocation.com\/en\/wp-json\/wp\/v2\/pages"}],"about":[{"href":"https:\/\/lavalleelocation.com\/en\/wp-json\/wp\/v2\/types\/page"}],"author":[{"embeddable":true,"href":"https:\/\/lavalleelocation.com\/en\/wp-json\/wp\/v2\/users\/3"}],"replies":[{"embeddable":true,"href":"https:\/\/lavalleelocation.com\/en\/wp-json\/wp\/v2\/comments?post=6294"}],"version-history":[{"count":22,"href":"https:\/\/lavalleelocation.com\/en\/wp-json\/wp\/v2\/pages\/6294\/revisions"}],"predecessor-version":[{"id":6371,"href":"https:\/\/lavalleelocation.com\/en\/wp-json\/wp\/v2\/pages\/6294\/revisions\/6371"}],"wp:attachment":[{"href":"https:\/\/lavalleelocation.com\/en\/wp-json\/wp\/v2\/media?parent=6294"}],"curies":[{"name":"wp","href":"https:\/\/api.w.org\/{rel}","templated":true}]}}