{"id":411,"date":"2024-01-23T20:34:44","date_gmt":"2024-01-23T20:34:44","guid":{"rendered":"https:\/\/lavalleelocation.com\/?page_id=411"},"modified":"2025-08-05T14:15:37","modified_gmt":"2025-08-05T12:15:37","slug":"hebergements","status":"publish","type":"page","link":"https:\/\/lavalleelocation.com\/en\/hebergements\/","title":{"rendered":"Accommodations"},"content":{"rendered":"\t\t<div data-elementor-type=\"wp-page\" data-elementor-id=\"411\" class=\"elementor elementor-411\" data-elementor-post-type=\"page\">\n\t\t\t\t\t\t<section class=\"elementor-section elementor-top-section elementor-element elementor-element-4da73d1b elementor-section-content-middle elementor-section-height-full elementor-section-boxed elementor-section-height-default elementor-section-items-middle\" data-id=\"4da73d1b\" data-element_type=\"section\" data-e-type=\"section\" data-settings=\"{&quot;background_background&quot;:&quot;classic&quot;,&quot;background_motion_fx_motion_fx_scrolling&quot;:&quot;yes&quot;,&quot;background_motion_fx_translateX_effect&quot;:&quot;yes&quot;,&quot;background_motion_fx_translateX_speed&quot;:{&quot;unit&quot;:&quot;px&quot;,&quot;size&quot;:4,&quot;sizes&quot;:[]},&quot;background_motion_fx_translateX_affectedRange&quot;:{&quot;unit&quot;:&quot;%&quot;,&quot;size&quot;:&quot;&quot;,&quot;sizes&quot;:{&quot;start&quot;:0,&quot;end&quot;:100}},&quot;background_motion_fx_devices&quot;:[&quot;desktop&quot;,&quot;tablet&quot;,&quot;mobile&quot;]}\">\n\t\t\t\t\t\t<div class=\"elementor-container elementor-column-gap-no\">\n\t\t\t\t\t<div class=\"elementor-column elementor-col-100 elementor-top-column elementor-element elementor-element-38db863f\" data-id=\"38db863f\" data-element_type=\"column\" data-e-type=\"column\" data-settings=\"{&quot;background_background&quot;:&quot;classic&quot;}\">\n\t\t\t<div class=\"elementor-widget-wrap elementor-element-populated\">\n\t\t\t\t\t\t<div class=\"elementor-element elementor-element-314c260b elementor-invisible elementor-widget elementor-widget-heading\" data-id=\"314c260b\" data-element_type=\"widget\" data-e-type=\"widget\" data-settings=\"{&quot;_animation&quot;:&quot;fadeInDown&quot;}\" data-widget_type=\"heading.default\">\n\t\t\t\t<div class=\"elementor-widget-container\">\n\t\t\t\t\t<h1 class=\"elementor-heading-title elementor-size-default\">H\u00e9bergements - La vall\u00e9e locations en Corse<\/h1>\t\t\t\t<\/div>\n\t\t\t\t<\/div>\n\t\t\t\t<section class=\"elementor-section elementor-inner-section elementor-element elementor-element-4122b17a elementor-section-content-middle elementor-section-boxed elementor-section-height-default elementor-section-height-default\" data-id=\"4122b17a\" data-element_type=\"section\" data-e-type=\"section\">\n\t\t\t\t\t\t<div class=\"elementor-container elementor-column-gap-no\">\n\t\t\t\t\t<div class=\"elementor-column elementor-col-100 elementor-inner-column elementor-element elementor-element-2b978b6a\" data-id=\"2b978b6a\" data-element_type=\"column\" data-e-type=\"column\">\n\t\t\t<div class=\"elementor-widget-wrap elementor-element-populated\">\n\t\t\t\t\t\t<div class=\"elementor-element elementor-element-73551617 elementor-invisible elementor-widget elementor-widget-heading\" data-id=\"73551617\" data-element_type=\"widget\" data-e-type=\"widget\" data-settings=\"{&quot;_animation&quot;:&quot;fadeInUp&quot;}\" data-widget_type=\"heading.default\">\n\t\t\t\t<div class=\"elementor-widget-container\">\n\t\t\t\t\t<h2 class=\"elementor-heading-title elementor-size-default\">Bungalows &amp; Lodges<\/h2>\t\t\t\t<\/div>\n\t\t\t\t<\/div>\n\t\t\t\t\t<\/div>\n\t\t<\/div>\n\t\t\t\t\t<\/div>\n\t\t<\/section>\n\t\t\t\t<section class=\"elementor-section elementor-inner-section elementor-element elementor-element-ebe4198 elementor-section-content-middle elementor-section-height-min-height elementor-section-boxed elementor-section-height-default elementor-invisible\" data-id=\"ebe4198\" data-element_type=\"section\" data-e-type=\"section\" data-settings=\"{&quot;animation&quot;:&quot;fadeInUp&quot;}\">\n\t\t\t\t\t\t<div class=\"elementor-container elementor-column-gap-no\">\n\t\t\t\t\t<div class=\"elementor-column elementor-col-100 elementor-inner-column elementor-element elementor-element-cde90e3\" data-id=\"cde90e3\" data-element_type=\"column\" data-e-type=\"column\">\n\t\t\t<div class=\"elementor-widget-wrap elementor-element-populated\">\n\t\t\t\t\t\t<div class=\"elementor-element elementor-element-1a051ae elementor-icon-list--layout-inline elementor-align-start elementor-tablet-align-start elementor-mobile-align-start elementor-list-item-link-full_width elementor-widget elementor-widget-icon-list\" data-id=\"1a051ae\" data-element_type=\"widget\" data-e-type=\"widget\" data-widget_type=\"icon-list.default\">\n\t\t\t\t<div class=\"elementor-widget-container\">\n\t\t\t\t\t\t\t<ul class=\"elementor-icon-list-items elementor-inline-items\">\n\t\t\t\t\t\t\t<li class=\"elementor-icon-list-item elementor-inline-item\">\n\t\t\t\t\t\t\t\t\t\t\t<a href=\"https:\/\/lavalleelocation.com\/en\">\n\n\t\t\t\t\t\t\t\t\t\t\t<span class=\"elementor-icon-list-text\">Accueil<\/span>\n\t\t\t\t\t\t\t\t\t\t\t<\/a>\n\t\t\t\t\t\t\t\t\t<\/li>\n\t\t\t\t\t\t\t\t<li class=\"elementor-icon-list-item elementor-inline-item\">\n\t\t\t\t\t\t\t\t\t\t\t<span class=\"elementor-icon-list-icon\">\n\t\t\t\t\t\t\t<i aria-hidden=\"true\" class=\"icofont icofont-thin-right\"><\/i>\t\t\t\t\t\t<\/span>\n\t\t\t\t\t\t\t\t\t\t<span class=\"elementor-icon-list-text\"><\/span>\n\t\t\t\t\t\t\t\t\t<\/li>\n\t\t\t\t\t\t<\/ul>\n\t\t\t\t\t\t<\/div>\n\t\t\t\t<\/div>\n\t\t\t\t\t<\/div>\n\t\t<\/div>\n\t\t\t\t\t<\/div>\n\t\t<\/section>\n\t\t\t\t\t<\/div>\n\t\t<\/div>\n\t\t\t\t\t<\/div>\n\t\t<\/section>\n\t\t<div class=\"elementor-element elementor-element-2884250 e-flex e-con-boxed e-con e-parent\" data-id=\"2884250\" data-element_type=\"container\" data-e-type=\"container\">\n\t\t\t\t\t<div class=\"e-con-inner\">\n\t\t\t\t<div class=\"elementor-element elementor-element-ba4b0ad elementor-view-default elementor-widget elementor-widget-icon\" data-id=\"ba4b0ad\" data-element_type=\"widget\" data-e-type=\"widget\" data-widget_type=\"icon.default\">\n\t\t\t\t<div class=\"elementor-widget-container\">\n\t\t\t\t\t\t\t<div class=\"elementor-icon-wrapper\">\n\t\t\t<a class=\"elementor-icon elementor-animation-bob\" href=\"https:\/\/lavalleelocation.com\/hebergements\/#hebergements\">\n\t\t\t<i aria-hidden=\"true\" class=\"lnr lnr-chevron-down\"><\/i>\t\t\t<\/a>\n\t\t<\/div>\n\t\t\t\t\t\t<\/div>\n\t\t\t\t<\/div>\n\t\t\t\t\t<\/div>\n\t\t\t\t<\/div>\n\t\t<div class=\"elementor-element elementor-element-10a5e31 e-flex e-con-boxed e-con e-parent\" data-id=\"10a5e31\" data-element_type=\"container\" data-e-type=\"container\" id=\"hebergements\" data-settings=\"{&quot;background_background&quot;:&quot;classic&quot;}\">\n\t\t\t\t\t<div class=\"e-con-inner\">\n\t\t\t\t<div class=\"elementor-element elementor-element-35d16a4 elementor-grid-eael-col-2 elementor-grid-tablet-eael-col-2 elementor-grid-mobile-eael-col-1 elementor-widget elementor-widget-eael-post-grid\" data-id=\"35d16a4\" data-element_type=\"widget\" data-e-type=\"widget\" data-settings=\"{&quot;eael_post_grid_columns&quot;:&quot;eael-col-2&quot;,&quot;eael_post_grid_columns_tablet&quot;:&quot;eael-col-2&quot;,&quot;eael_post_grid_columns_mobile&quot;:&quot;eael-col-1&quot;}\" data-widget_type=\"eael-post-grid.default\">\n\t\t\t\t<div class=\"elementor-widget-container\">\n\t\t\t\t\t<div id=\"eael-post-grid-35d16a4\" class=\"eael-post-grid-container\">\n            <div class=\"eael-post-grid eael-post-appender eael-post-appender-35d16a4 eael-post-grid-style-one\" data-layout-mode=\"grid\"><article class=\"eael-grid-post  eael-post-grid-column eael-pg-post-3964\" data-id=\"3964\">\n        <div class=\"eael-grid-post-holder\">\n            <div class=\"eael-grid-post-holder-inner\"><div class=\"eael-entry-media\"><div class=\"eael-entry-overlay slide-up\"><i class=\" ti-eye\" aria-hidden=\"true\"><\/i><a href=\"https:\/\/lavalleelocation.com\/en\/hebergements\/les-bungalows\/\"><\/a><\/div><div class=\"eael-entry-thumbnail eael-image-ratio\">\n                <img fetchpriority=\"high\" decoding=\"async\" width=\"1024\" height=\"683\" src=\"https:\/\/lavalleelocation.com\/wp-content\/uploads\/2024\/02\/location-bungalows-lodges-la-vallee-campomoro-propriano-corse-plage-mer-montagne-ete-bungalow-1.jpg\" class=\"attachment-full size-full wp-image-3672\" alt=\"Vue sur la mer et sur la tour g\u00e9noise depuis la terrasse d&#039;un bungalow &quot;La Vall\u00e9e Locations&quot; \u00e0 Campomoro en Corse\" srcset=\"https:\/\/lavalleelocation.com\/wp-content\/uploads\/2024\/02\/location-bungalows-lodges-la-vallee-campomoro-propriano-corse-plage-mer-montagne-ete-bungalow-1.jpg 1024w, https:\/\/lavalleelocation.com\/wp-content\/uploads\/2024\/02\/location-bungalows-lodges-la-vallee-campomoro-propriano-corse-plage-mer-montagne-ete-bungalow-1-300x200.jpg 300w, https:\/\/lavalleelocation.com\/wp-content\/uploads\/2024\/02\/location-bungalows-lodges-la-vallee-campomoro-propriano-corse-plage-mer-montagne-ete-bungalow-1-768x512.jpg 768w\" sizes=\"(max-width: 1024px) 100vw, 1024px\" \/>\n            <\/div>\n        <\/div><div class=\"eael-entry-wrapper\"><header class=\"eael-entry-header\"><h3 class=\"eael-entry-title\"><a class=\"eael-grid-post-link\" href=\"https:\/\/lavalleelocation.com\/en\/hebergements\/les-bungalows\/\" title=\"Les Bungalows\">Les Bungalows<\/a><\/h3><\/header><\/div><\/div>\n        <\/div>\n    <\/article><article class=\"eael-grid-post  eael-post-grid-column eael-pg-post-3966\" data-id=\"3966\">\n        <div class=\"eael-grid-post-holder\">\n            <div class=\"eael-grid-post-holder-inner\"><div class=\"eael-entry-media\"><div class=\"eael-entry-overlay slide-up\"><i class=\" ti-eye\" aria-hidden=\"true\"><\/i><a href=\"https:\/\/lavalleelocation.com\/en\/hebergements\/les-lodges\/\"><\/a><\/div><div class=\"eael-entry-thumbnail eael-image-ratio\">\n                <img decoding=\"async\" width=\"1024\" height=\"768\" src=\"https:\/\/lavalleelocation.com\/wp-content\/uploads\/2024\/09\/location-bungalows-lodges-la-vallee-bungalow-campomoro-propriano-corse-plage-mer-montagne-ete-nature-2-Moyen.jpeg\" class=\"attachment-full size-full wp-image-4208\" alt=\"Lodges La Vall\u00e9e \u00e0 Campomoro en Corse\" srcset=\"https:\/\/lavalleelocation.com\/wp-content\/uploads\/2024\/09\/location-bungalows-lodges-la-vallee-bungalow-campomoro-propriano-corse-plage-mer-montagne-ete-nature-2-Moyen.jpeg 1024w, https:\/\/lavalleelocation.com\/wp-content\/uploads\/2024\/09\/location-bungalows-lodges-la-vallee-bungalow-campomoro-propriano-corse-plage-mer-montagne-ete-nature-2-Moyen-300x225.jpeg 300w, https:\/\/lavalleelocation.com\/wp-content\/uploads\/2024\/09\/location-bungalows-lodges-la-vallee-bungalow-campomoro-propriano-corse-plage-mer-montagne-ete-nature-2-Moyen-768x576.jpeg 768w\" sizes=\"(max-width: 1024px) 100vw, 1024px\" \/>\n            <\/div>\n        <\/div><div class=\"eael-entry-wrapper\"><header class=\"eael-entry-header\"><h3 class=\"eael-entry-title\"><a class=\"eael-grid-post-link\" href=\"https:\/\/lavalleelocation.com\/en\/hebergements\/les-lodges\/\" title=\"Les Lodges\">Les Lodges<\/a><\/h3><\/header><\/div><\/div>\n        <\/div>\n    <\/article><\/div>\n            <div class=\"clearfix\"><\/div>\n        <\/div>\t\t\t\t<\/div>\n\t\t\t\t<\/div>\n\t\t\t\t\t<\/div>\n\t\t\t\t<\/div>\n\t\t\t\t<\/div>\n\t\t","protected":false},"excerpt":{"rendered":"<p>H\u00e9bergements &#8211; La vall\u00e9e locations en Corse Bungalows &amp; Lodges Accueil Les Bungalows Les Lodges<\/p>","protected":false},"author":3,"featured_media":3673,"parent":0,"menu_order":0,"comment_status":"closed","ping_status":"closed","template":"elementor_header_footer","meta":{"_eb_attr":"","footnotes":""},"class_list":["post-411","page","type-page","status-publish","has-post-thumbnail","hentry"],"yoast_head":"<!-- This site is optimized with the Yoast SEO plugin v27.4 - https:\/\/yoast.com\/product\/yoast-seo-wordpress\/ -->\n<title>H\u00e9bergements - La Vall\u00e9e<\/title>\n<meta name=\"description\" content=\"La Vall\u00e9e Location - H\u00e9bergements : D\u00e9couvrez nos Bungalows et Lodges en location \u00e0 Campomoro en Corse.\" \/>\n<meta name=\"robots\" content=\"index, follow, max-snippet:-1, max-image-preview:large, max-video-preview:-1\" \/>\n<link rel=\"canonical\" href=\"https:\/\/lavalleelocation.com\/en\/hebergements\/\" \/>\n<meta property=\"og:locale\" content=\"en_GB\" \/>\n<meta property=\"og:type\" content=\"article\" \/>\n<meta property=\"og:title\" content=\"H\u00e9bergements - La Vall\u00e9e\" \/>\n<meta property=\"og:description\" content=\"La Vall\u00e9e Location - H\u00e9bergements : D\u00e9couvrez nos Bungalows et Lodges en location \u00e0 Campomoro en Corse.\" \/>\n<meta property=\"og:url\" content=\"https:\/\/lavalleelocation.com\/en\/hebergements\/\" \/>\n<meta property=\"og:site_name\" content=\"La Vall\u00e9e\" \/>\n<meta property=\"article:modified_time\" content=\"2025-08-05T12:15:37+00:00\" \/>\n<meta property=\"og:image\" content=\"https:\/\/lavalleelocation.com\/wp-content\/uploads\/2024\/02\/location-bungalows-lodges-la-vallee-campomoro-propriano-corse-plage-mer-montagne-ete-bungalow-2-3.jpg\" \/>\n\t<meta property=\"og:image:width\" content=\"1024\" \/>\n\t<meta property=\"og:image:height\" content=\"683\" \/>\n\t<meta property=\"og:image:type\" content=\"image\/jpeg\" \/>\n<meta name=\"twitter:card\" content=\"summary_large_image\" \/>\n<meta name=\"twitter:label1\" content=\"Estimated reading time\" \/>\n\t<meta name=\"twitter:data1\" content=\"1 minute\" \/>\n<script type=\"application\/ld+json\" class=\"yoast-schema-graph\">{\"@context\":\"https:\\\/\\\/schema.org\",\"@graph\":[{\"@type\":\"WebPage\",\"@id\":\"https:\\\/\\\/lavalleelocation.com\\\/hebergements\\\/\",\"url\":\"https:\\\/\\\/lavalleelocation.com\\\/hebergements\\\/\",\"name\":\"H\u00e9bergements - La Vall\u00e9e\",\"isPartOf\":{\"@id\":\"https:\\\/\\\/lavalleelocation.com\\\/#website\"},\"primaryImageOfPage\":{\"@id\":\"https:\\\/\\\/lavalleelocation.com\\\/hebergements\\\/#primaryimage\"},\"image\":{\"@id\":\"https:\\\/\\\/lavalleelocation.com\\\/hebergements\\\/#primaryimage\"},\"thumbnailUrl\":\"https:\\\/\\\/lavalleelocation.com\\\/wp-content\\\/uploads\\\/2024\\\/02\\\/location-bungalows-lodges-la-vallee-campomoro-propriano-corse-plage-mer-montagne-ete-bungalow-2-3.jpg\",\"datePublished\":\"2024-01-23T20:34:44+00:00\",\"dateModified\":\"2025-08-05T12:15:37+00:00\",\"description\":\"La Vall\u00e9e Location - H\u00e9bergements : D\u00e9couvrez nos Bungalows et Lodges en location \u00e0 Campomoro en Corse.\",\"breadcrumb\":{\"@id\":\"https:\\\/\\\/lavalleelocation.com\\\/hebergements\\\/#breadcrumb\"},\"inLanguage\":\"en-GB\",\"potentialAction\":[{\"@type\":\"ReadAction\",\"target\":[\"https:\\\/\\\/lavalleelocation.com\\\/hebergements\\\/\"]}]},{\"@type\":\"ImageObject\",\"inLanguage\":\"en-GB\",\"@id\":\"https:\\\/\\\/lavalleelocation.com\\\/hebergements\\\/#primaryimage\",\"url\":\"https:\\\/\\\/lavalleelocation.com\\\/wp-content\\\/uploads\\\/2024\\\/02\\\/location-bungalows-lodges-la-vallee-campomoro-propriano-corse-plage-mer-montagne-ete-bungalow-2-3.jpg\",\"contentUrl\":\"https:\\\/\\\/lavalleelocation.com\\\/wp-content\\\/uploads\\\/2024\\\/02\\\/location-bungalows-lodges-la-vallee-campomoro-propriano-corse-plage-mer-montagne-ete-bungalow-2-3.jpg\",\"width\":1024,\"height\":683,\"caption\":\"Domaine bungalows \u00e0 Campomoro en Corse\"},{\"@type\":\"BreadcrumbList\",\"@id\":\"https:\\\/\\\/lavalleelocation.com\\\/hebergements\\\/#breadcrumb\",\"itemListElement\":[{\"@type\":\"ListItem\",\"position\":1,\"name\":\"Accueil\",\"item\":\"https:\\\/\\\/lavalleelocation.com\\\/\"},{\"@type\":\"ListItem\",\"position\":2,\"name\":\"H\u00e9bergements\"}]},{\"@type\":\"WebSite\",\"@id\":\"https:\\\/\\\/lavalleelocation.com\\\/#website\",\"url\":\"https:\\\/\\\/lavalleelocation.com\\\/\",\"name\":\"La Vall\u00e9e\",\"description\":\"Bungalows et Lodges en location \u00e0 Campomoro en Corse\",\"publisher\":{\"@id\":\"https:\\\/\\\/lavalleelocation.com\\\/#organization\"},\"alternateName\":\"La Vall\u00e9e\",\"potentialAction\":[{\"@type\":\"SearchAction\",\"target\":{\"@type\":\"EntryPoint\",\"urlTemplate\":\"https:\\\/\\\/lavalleelocation.com\\\/?s={search_term_string}\"},\"query-input\":{\"@type\":\"PropertyValueSpecification\",\"valueRequired\":true,\"valueName\":\"search_term_string\"}}],\"inLanguage\":\"en-GB\"},{\"@type\":\"Organization\",\"@id\":\"https:\\\/\\\/lavalleelocation.com\\\/#organization\",\"name\":\"La Vall\u00e9e Location\",\"alternateName\":\"La Vall\u00e9e\",\"url\":\"https:\\\/\\\/lavalleelocation.com\\\/\",\"logo\":{\"@type\":\"ImageObject\",\"inLanguage\":\"en-GB\",\"@id\":\"https:\\\/\\\/lavalleelocation.com\\\/#\\\/schema\\\/logo\\\/image\\\/\",\"url\":\"https:\\\/\\\/lavalleelocation.com\\\/wp-content\\\/uploads\\\/2024\\\/01\\\/camping-la-vallee-campomoro-propriano-corse-plage-mer-montagne-ete-nature-logo-detoure-2.png\",\"contentUrl\":\"https:\\\/\\\/lavalleelocation.com\\\/wp-content\\\/uploads\\\/2024\\\/01\\\/camping-la-vallee-campomoro-propriano-corse-plage-mer-montagne-ete-nature-logo-detoure-2.png\",\"width\":239,\"height\":231,\"caption\":\"La Vall\u00e9e Location\"},\"image\":{\"@id\":\"https:\\\/\\\/lavalleelocation.com\\\/#\\\/schema\\\/logo\\\/image\\\/\"}}]}<\/script>\n<!-- \/ Yoast SEO plugin. -->","yoast_head_json":{"title":"H\u00e9bergements - La Vall\u00e9e","description":"La Vall\u00e9e Location - H\u00e9bergements : D\u00e9couvrez nos Bungalows et Lodges en location \u00e0 Campomoro en Corse.","robots":{"index":"index","follow":"follow","max-snippet":"max-snippet:-1","max-image-preview":"max-image-preview:large","max-video-preview":"max-video-preview:-1"},"canonical":"https:\/\/lavalleelocation.com\/en\/hebergements\/","og_locale":"en_GB","og_type":"article","og_title":"H\u00e9bergements - La Vall\u00e9e","og_description":"La Vall\u00e9e Location - H\u00e9bergements : D\u00e9couvrez nos Bungalows et Lodges en location \u00e0 Campomoro en Corse.","og_url":"https:\/\/lavalleelocation.com\/en\/hebergements\/","og_site_name":"La Vall\u00e9e","article_modified_time":"2025-08-05T12:15:37+00:00","og_image":[{"width":1024,"height":683,"url":"https:\/\/lavalleelocation.com\/wp-content\/uploads\/2024\/02\/location-bungalows-lodges-la-vallee-campomoro-propriano-corse-plage-mer-montagne-ete-bungalow-2-3.jpg","type":"image\/jpeg"}],"twitter_card":"summary_large_image","twitter_misc":{"Estimated reading time":"1 minute"},"schema":{"@context":"https:\/\/schema.org","@graph":[{"@type":"WebPage","@id":"https:\/\/lavalleelocation.com\/hebergements\/","url":"https:\/\/lavalleelocation.com\/hebergements\/","name":"H\u00e9bergements - La Vall\u00e9e","isPartOf":{"@id":"https:\/\/lavalleelocation.com\/#website"},"primaryImageOfPage":{"@id":"https:\/\/lavalleelocation.com\/hebergements\/#primaryimage"},"image":{"@id":"https:\/\/lavalleelocation.com\/hebergements\/#primaryimage"},"thumbnailUrl":"https:\/\/lavalleelocation.com\/wp-content\/uploads\/2024\/02\/location-bungalows-lodges-la-vallee-campomoro-propriano-corse-plage-mer-montagne-ete-bungalow-2-3.jpg","datePublished":"2024-01-23T20:34:44+00:00","dateModified":"2025-08-05T12:15:37+00:00","description":"La Vall\u00e9e Location - H\u00e9bergements : D\u00e9couvrez nos Bungalows et Lodges en location \u00e0 Campomoro en Corse.","breadcrumb":{"@id":"https:\/\/lavalleelocation.com\/hebergements\/#breadcrumb"},"inLanguage":"en-GB","potentialAction":[{"@type":"ReadAction","target":["https:\/\/lavalleelocation.com\/hebergements\/"]}]},{"@type":"ImageObject","inLanguage":"en-GB","@id":"https:\/\/lavalleelocation.com\/hebergements\/#primaryimage","url":"https:\/\/lavalleelocation.com\/wp-content\/uploads\/2024\/02\/location-bungalows-lodges-la-vallee-campomoro-propriano-corse-plage-mer-montagne-ete-bungalow-2-3.jpg","contentUrl":"https:\/\/lavalleelocation.com\/wp-content\/uploads\/2024\/02\/location-bungalows-lodges-la-vallee-campomoro-propriano-corse-plage-mer-montagne-ete-bungalow-2-3.jpg","width":1024,"height":683,"caption":"Domaine bungalows \u00e0 Campomoro en Corse"},{"@type":"BreadcrumbList","@id":"https:\/\/lavalleelocation.com\/hebergements\/#breadcrumb","itemListElement":[{"@type":"ListItem","position":1,"name":"Accueil","item":"https:\/\/lavalleelocation.com\/"},{"@type":"ListItem","position":2,"name":"H\u00e9bergements"}]},{"@type":"WebSite","@id":"https:\/\/lavalleelocation.com\/#website","url":"https:\/\/lavalleelocation.com\/","name":"La Vall\u00e9e","description":"Bungalows et Lodges en location \u00e0 Campomoro en Corse","publisher":{"@id":"https:\/\/lavalleelocation.com\/#organization"},"alternateName":"La Vall\u00e9e","potentialAction":[{"@type":"SearchAction","target":{"@type":"EntryPoint","urlTemplate":"https:\/\/lavalleelocation.com\/?s={search_term_string}"},"query-input":{"@type":"PropertyValueSpecification","valueRequired":true,"valueName":"search_term_string"}}],"inLanguage":"en-GB"},{"@type":"Organization","@id":"https:\/\/lavalleelocation.com\/#organization","name":"La Vall\u00e9e Location","alternateName":"La Vall\u00e9e","url":"https:\/\/lavalleelocation.com\/","logo":{"@type":"ImageObject","inLanguage":"en-GB","@id":"https:\/\/lavalleelocation.com\/#\/schema\/logo\/image\/","url":"https:\/\/lavalleelocation.com\/wp-content\/uploads\/2024\/01\/camping-la-vallee-campomoro-propriano-corse-plage-mer-montagne-ete-nature-logo-detoure-2.png","contentUrl":"https:\/\/lavalleelocation.com\/wp-content\/uploads\/2024\/01\/camping-la-vallee-campomoro-propriano-corse-plage-mer-montagne-ete-nature-logo-detoure-2.png","width":239,"height":231,"caption":"La Vall\u00e9e Location"},"image":{"@id":"https:\/\/lavalleelocation.com\/#\/schema\/logo\/image\/"}}]}},"_links":{"self":[{"href":"https:\/\/lavalleelocation.com\/en\/wp-json\/wp\/v2\/pages\/411","targetHints":{"allow":["GET"]}}],"collection":[{"href":"https:\/\/lavalleelocation.com\/en\/wp-json\/wp\/v2\/pages"}],"about":[{"href":"https:\/\/lavalleelocation.com\/en\/wp-json\/wp\/v2\/types\/page"}],"author":[{"embeddable":true,"href":"https:\/\/lavalleelocation.com\/en\/wp-json\/wp\/v2\/users\/3"}],"replies":[{"embeddable":true,"href":"https:\/\/lavalleelocation.com\/en\/wp-json\/wp\/v2\/comments?post=411"}],"version-history":[{"count":1196,"href":"https:\/\/lavalleelocation.com\/en\/wp-json\/wp\/v2\/pages\/411\/revisions"}],"predecessor-version":[{"id":28831,"href":"https:\/\/lavalleelocation.com\/en\/wp-json\/wp\/v2\/pages\/411\/revisions\/28831"}],"wp:featuredmedia":[{"embeddable":true,"href":"https:\/\/lavalleelocation.com\/en\/wp-json\/wp\/v2\/media\/3673"}],"wp:attachment":[{"href":"https:\/\/lavalleelocation.com\/en\/wp-json\/wp\/v2\/media?parent=411"}],"curies":[{"name":"wp","href":"https:\/\/api.w.org\/{rel}","templated":true}]}}